{"id":370,"date":"2016-09-05T17:01:38","date_gmt":"2016-09-05T20:01:38","guid":{"rendered":"https:\/\/conservation.ufpr.br\/?page_id=370"},"modified":"2016-09-05T19:10:09","modified_gmt":"2016-09-05T22:10:09","slug":"legislacao-municipal","status":"publish","type":"page","link":"https:\/\/conservation.ufpr.br\/index.php\/legislacao-municipal\/","title":{"rendered":"Legisla\u00e7\u00e3o Municipal"},"content":{"rendered":"<p>&nbsp;<\/p>\n<p><strong>Leis<\/strong><\/p>\n<p><a href=\"http:\/\/multimidia.curitiba.pr.gov.br\/2015\/00171032.pdf\" target=\"_blank\">Lei n\u00ba 9800<\/a>, de 03 de janeiro de 2000.:DISP\u00d5E SOBRE O ZONEAMENTO, USO E OCUPA\u00c7\u00c3O DO SOLO NO MUNIC\u00cdPIO DE CURITIBA, REVOGA AS LEIS N\u00ba 4199\/72, 5234\/75, 5263\/75, 5490\/76, 6204\/81, 6769\/85, 7068\/87 E 7622\/91, E \u00c1 OUTRASPROVID\u00caNCIAS.<\/p>\n<p><a href=\"http:\/\/multimidia.curitiba.pr.gov.br\/2010\/00086303.pdf\" target=\"_blank\">Lei n\u00ba 7.833<\/a>, de 19 de dezembro de 1991:\u00a0Disp\u00f5e sobre a pol\u00edtica de prote\u00e7\u00e3o, conserva\u00e7\u00e3o e recupera\u00e7\u00e3o do meio ambiente e d\u00e1 outras provid\u00eancias.<\/p>\n<p><a href=\"http:\/\/multimidia.curitiba.pr.gov.br\/2010\/00086311.pdf\" target=\"_blank\">Lei n\u00ba 9.804<\/a>, de 03 de janeiro de 2000:\u00a0Cria o sistema de Unidades de Conserva\u00e7\u00e3o do Munic\u00edpio de Curitiba e estabelece v\u00e1rios crit\u00e9rios e procedimentos para implanta\u00e7\u00e3o de novas Unidades de Conserva\u00e7\u00e3o.<\/p>\n<p><a href=\"http:\/\/multimidia.curitiba.pr.gov.br\/2010\/00086312.pdf\" target=\"_blank\">Lei n\u00ba 9.803<\/a>, de 3 de janeiro de 2000<br \/>\nDisp\u00f5e sobre a Transfer\u00eancia de Potencial Construtivo<\/p>\n<p><a href=\"http:\/\/multimidia.curitiba.pr.gov.br\/2010\/00086313.pdf\" target=\"_blank\">Lei n\u00ba 9.805<\/a>, de 03 de janeiro de 2000<br \/>\nCria o Setor Especial do Anel de Conserva\u00e7\u00e3o Sanit\u00e1rio Ambiental e d\u00e1 outras provid\u00eancias<\/p>\n<p><a href=\"http:\/\/multimidia.curitiba.pr.gov.br\/2010\/00086314.pdf\" target=\"_blank\">Lei n\u00ba 9.806<\/a>, de 03 de janeiro de 2000<br \/>\nInstitui o C\u00f3digo Florestal do Munic\u00edpio de Curitiba, e d\u00e1 outras provid\u00eancias.<\/p>\n<p><a href=\"http:\/\/multimidia.curitiba.pr.gov.br\/2010\/00086315.pdf\" target=\"_blank\">Lei n\u00ba 9.991<\/a>, de 29 de setembro de 2000<\/p>\n<p>Altera os incisos I, letra \u201cd\u201d, II, VIII e XIX, do art. 2\u00ba, da Lei n\u00ba 9805, de 03 de janeiro de 2000, que cria o Setor Especial do Anel de Conserva\u00e7\u00e3o Sanit\u00e1rio Ambiental e d\u00e1 outras provid\u00eancias<\/p>\n<p><a href=\"http:\/\/multimidia.curitiba.pr.gov.br\/2010\/00086316.pdf\" target=\"_blank\">Lei n\u00ba 10.072<\/a>, de 12 dezembro de 2000<br \/>\nAltera a reda\u00e7\u00e3o do \u00a7 1\u00ba, do art. 22, incisos II, III e IX, do art. 43 e art.44, da Lei n\u00ba 9806, de 04 de janeiro de 2000 que \u201cInstitui o C\u00f3digo Florestal do Munic\u00edpio de Curitiba\u201d.<\/p>\n<p><a href=\"http:\/\/multimidia.curitiba.pr.gov.br\/2015\/00171164.pdf\" target=\"_blank\">Lei n\u00ba 14.587<\/a>, de 19 de janeiro de 2015.<br \/>\nReestrutura o Programa das Reservas Particulares do Patrim\u00f4nio Natural Municipal \u2013 RPPNM no Munic\u00edpio de Curitiba.<\/p>\n<p><a href=\"http:\/\/multimidia.curitiba.pr.gov.br\/2015\/00171165.pdf\" target=\"_blank\">Lei Ordin\u00e1ria n\u00ba 13.878\/2011<\/a>, de 24 de novembro de 2011<br \/>\nAltera os \u00a7\u00a7 1o e 4 e acrescenta \u00a7\u00a7 6 e 7 ao art. 4\u00ba da Lei Municipal n\u00ba 13.509, de 8 de junho de 2010<\/p>\n<p><a href=\"http:\/\/multimidia.curitiba.pr.gov.br\/2013\/00126291.pdf\" target=\"_blank\">Lei Ordin\u00e1ria n\u00b0 13.899<\/a>, de 09 de dezembro de 2011.<br \/>\nAltera dispositivos da Lei Municipal n\u00b0 12.080, de 19 de dezembro de 2006, que cria a Reserva Particular do Patrim\u00f4nio Natural Municipal &#8211; RPPNM, e d\u00e1 outras provid\u00eancias.<\/p>\n<p><a href=\"http:\/\/multimidia.curitiba.pr.gov.br\/2015\/00171167.pdf\" target=\"_blank\">Lei Ordin\u00e1ria n\u00b0 13.965<\/a>, de 13 de abril de 2012.<br \/>\nAltera os \u00a7\u00a7 1o e 4o e acrescenta \u00a7\u00a7 6o e 7o ao art. 4o da Lei Municipal n\u00ba 13.509, de 8 de junho de 2010.<\/p>\n<p><a href=\"http:\/\/multimidia.curitiba.pr.gov.br\/2015\/00171173.pdf\" target=\"_blank\">Lei n\u00ba 14698\/2014<\/a>, de 13 de julho de 2015.<br \/>\nAcrescenta o inciso VII ao artigo 3\u00ba da Lei Municipal n\u00ba 13.509, de 8 de junho de 2010.<\/p>\n<p><a href=\"http:\/\/multimidia.curitiba.pr.gov.br\/2015\/00171174.pdf\" target=\"_blank\">Lei n\u00ba 14589\/2015<\/a>, de 14 de janeiro de 2015.<br \/>\nAltera dispositivos da Lei n\u00ba 9.806, de 3 dejaneiro de 2000.<\/p>\n<p><strong>Decreto<\/strong><\/p>\n<p><a href=\"http:\/\/multimidia.curitiba.pr.gov.br\/2015\/00171200.pdf\" target=\"_blank\">Decreto n\u00ba 08<\/a>, de 10 de janeiro de 2008<br \/>\nAcrescenta o \u00a74.\u00ba no artigo 33, do Decreto n.\u00ba 983, de 26 de outubro de 2004.<\/p>\n<p><a href=\"http:\/\/multimidia.curitiba.pr.gov.br\/2015\/00171232.pdf\" target=\"_blank\">Decreto n\u00ba 26<\/a>, de 19 de janeiro de 2015<br \/>\nRegulamenta parcialmente o artigo 5.\u00ba, inciso IX, da Lei Municipal n.\u00ba 9.800, de 3 de janeiro de 2000, no que diz respeito \u00e0 \u00c1rea de Prote\u00e7\u00e3o Ambiental do Igua\u00e7u, Parques Natural Mnicipal do Igua\u00e7u, do Centen\u00e1rio da Imigra\u00e7\u00e3o Japonesa e o Linear do Cajuru e d\u00e1 outras provid\u00eancias.<\/p>\n<p><a href=\"http:\/\/multimidia.curitiba.pr.gov.br\/2015\/00171239.pdf\" target=\"_blank\">Decreto n\u00ba 170<\/a>, de 18 de mar\u00e7o de 2015.<br \/>\nAprova o regulamento do uso das depend\u00eancias do Jardim Bot\u00e2nico Municipal Francisca Maria Garfunkel Rischbieter &#8211; JBMFMGR e do Museu Bot\u00e2nico Municipal &#8211; MBM de Curitiba.<\/p>\n<p><a href=\"http:\/\/multimidia.curitiba.pr.gov.br\/2010\/00086338.pdf\" target=\"_blank\">Decreto n\u00ba 195<\/a><br \/>\nDisp\u00f5e sobre o Setor Especial Residencial &#8211; \u00c1reas Verdes &#8211; CIC.<\/p>\n<p><a href=\"http:\/\/multimidia.curitiba.pr.gov.br\/2015\/00171198.pdf\" target=\"_blank\">Decreto n\u00ba 234<\/a>, de 27 de mar\u00e7o de 2007<br \/>\nCria a Reserva Particular do Patrim\u00f4nio Natural Municipal Cascatinha.<\/p>\n<p><a href=\"http:\/\/multimidia.curitiba.pr.gov.br\/2010\/00086341.pdf\" target=\"_blank\">Decreto n\u00ba 246<\/a>, de 21 de maio de 2014<br \/>\nRegulamenta o artigo 15, \u00a71\u00ba, inciso XVII, da Lei Municipal n\u00ba 9.800, de 3 de janeiro de 2000, estabelece condi\u00e7\u00f5es especiais de aproveitamento para os terrenos integrantes do Setor Especial de \u00c1reas Verdes e d\u00e1 outras provid\u00eancias.<\/p>\n<p><a href=\"http:\/\/multimidia.curitiba.pr.gov.br\/2010\/00086342.pdf\" target=\"_blank\">Decreto n\u00ba 250<\/a>, de 30 de abril de 2004<br \/>\nAltera e atualiza o Zoneamento Ecol\u00f3gico Econ\u00f4mico da \u00c1rea de Prote\u00e7\u00e3o Ambiental do Passa\u00fana conforme Decreto Estadual n\u00ba 5.063\/01, regulamenta parcialmente o inciso IX, do Art. 5\u00ba, da Lei n\u00ba 9.800\/00 e d\u00e1 outras provid\u00eancias.<\/p>\n<p><a href=\"http:\/\/multimidia.curitiba.pr.gov.br\/2010\/00086343.pdf\" target=\"_blank\">Decreto n\u00ba 391<\/a>, de 25 de junho de 1992<br \/>\nDisp\u00f5e sobre a administra\u00e7\u00e3o do Fundo Municipal do Meio Ambiente e d\u00e1 outras provid\u00eancias.<\/p>\n<p><a href=\"http:\/\/multimidia.curitiba.pr.gov.br\/2015\/00171237.pdf\" target=\"_blank\">Decreto n\u00ba 464<\/a>, de 22 de fevereiro de 2011<br \/>\nCria a Reserva Particular do Patrim\u00f4nio Natural Municipal Bacacheri.<\/p>\n<p><a href=\"http:\/\/multimidia.curitiba.pr.gov.br\/2010\/00086344.pdf\" target=\"_blank\">Decreto n\u00ba 471<\/a>, de 27 de outubro de 1988<br \/>\nDisp\u00f5e sobre os Parques Municipais e d\u00e1 outras provid\u00eancias.<\/p>\n<p><a href=\"http:\/\/multimidia.curitiba.pr.gov.br\/2010\/00086345.pdf\" target=\"_blank\">Decreto n\u00ba 473<\/a>, de 05 de junho de 2008<br \/>\nDefine as esp\u00e9cies florestais consideradas como ex\u00f3ticas invasoras para o Munic\u00edpio de Curitiba e d\u00e1 outras provid\u00eancias.<\/p>\n<p><a href=\"http:\/\/multimidia.curitiba.pr.gov.br\/2015\/00171253.pdf\" target=\"_blank\">Decreto n\u00ba 521<\/a>, de 21 de mar\u00e7o de 2013.<br \/>\nCria a Reserva Particular do Patrim\u00f4nio Natural Municipal Airum\u00e3.<\/p>\n<p><a href=\"http:\/\/multimidia.curitiba.pr.gov.br\/2010\/00086348.pdf\" target=\"_blank\">Decreto n\u00ba 565<\/a>, de 16 de agosto de 2002<br \/>\nRegulamenta parcialmente o Art. 7o, da Lei no 9.804\/00 e institui o Plano de Manejo da \u00c1rea do Parque Municipal Tangu\u00e1.<\/p>\n<p><a href=\"http:\/\/multimidia.curitiba.pr.gov.br\/2010\/00086349.pdf\" target=\"_blank\">Decreto n\u00ba 580<\/a>, de 04 de junho de 1993<br \/>\nRegulamenta a Lei Complementar n\u00ba. 07\/93, de 17 de mar\u00e7o de 1973.<\/p>\n<p><a href=\"http:\/\/multimidia.curitiba.pr.gov.br\/2010\/00086356.pdf\" target=\"_blank\">Decreto n\u00ba 652<\/a>, de 22 de julho de 2008<br \/>\nRegulamenta parcialmente o artigo 7\u00ba, da Lei n\u00ba 9.804\/2000 e institui o Plano de \\manejo do Parque Natural Municipal Barigui.<\/p>\n<p><a href=\"http:\/\/multimidia.curitiba.pr.gov.br\/2010\/00086357.pdf\" target=\"_blank\">Decreto n\u00ba 673<\/a>, de 18 de setembro de 2002<br \/>\n\u201cCria o Setor Especial do Parque Natural Municipal Tangu\u00e1 e d\u00e1 outras provid\u00eancias\u201d.<\/p>\n<p><a href=\"http:\/\/multimidia.curitiba.pr.gov.br\/2013\/00130941.pdf\" target=\"_blank\">Decreto n\u00b0 675<\/a>, de 12 de abril de 2013<br \/>\nDisp\u00f5e sobre a realiza\u00e7\u00e3o de eventos esportivos nas \u00e1reas integrantes do sistema municipal de unidades de conserva\u00e7\u00e3o do Munic\u00edpio de Curitiba, definida pela Lei Municipal n.\u00ba 9.804, de 3 de janeiro de 2000.<\/p>\n<p><a href=\"http:\/\/multimidia.curitiba.pr.gov.br\/2010\/00086358.pdf\" target=\"_blank\">Decreto n\u00ba 691<\/a>, de 23 de agosto de 1995<br \/>\nEstabelece o Regimento Interno do Conselho Municipal do Meio Ambiente.<\/p>\n<p><a href=\"http:\/\/multimidia.curitiba.pr.gov.br\/2015\/00171176.pdf\" target=\"_blank\">Decreto n\u00ba 176<\/a>, de 20 de mar\u00e7o de 2007.<br \/>\n\u201cDisp\u00f5e sobre os crit\u00e9rios para implanta\u00e7\u00e3o dos mecanismos de conten\u00e7\u00e3o de cheias\u201d.<\/p>\n<p><a href=\"http:\/\/multimidia.curitiba.pr.gov.br\/2010\/00086361.pdf\" target=\"_blank\">Decreto n\u00ba 816<\/a>, de 08 de julho de 2010<br \/>\nAltera o artigo 17 do Decreto n\u00ba 1.120\/1997<\/p>\n<p><a href=\"http:\/\/multimidia.curitiba.pr.gov.br\/2010\/00086362.pdf\" target=\"_blank\">Decreto n\u00ba 838<\/a>, de 18 de agosto de 1997<br \/>\nInstitui o Relat\u00f3rio Ambiental Pr\u00e9vio no Munic\u00edpio de Curitiba<\/p>\n<p><a href=\"http:\/\/multimidia.curitiba.pr.gov.br\/2015\/00171236.pdf\" target=\"_blank\">Decreto n\u00ba 246<\/a>, de 21 de maio de 2014<br \/>\nRegulamenta o artigo 15, \u00a71\u00ba, inciso XVII, da Lei Municipal n\u00ba 9.800, de 3 de janeiro de 2000, estabelece condi\u00e7\u00f5es especiais de aproveitamento para os terrenos integrantes do Setor Especial de \u00c1reas Verdes e d\u00e1 outras provid\u00eancias.<\/p>\n<p>&nbsp;<\/p>\n<p>&nbsp;<\/p>\n<p><a href=\"http:\/\/multimidia.curitiba.pr.gov.br\/2010\/00086375.pdf\" target=\"_blank\">Decreto n\u00ba 1.181<\/a>, de 22 de setembro de 2009.<br \/>\nDeclara imunes de corte as \u00e1rvores que especifica e d\u00e1 outras provid\u00eancias.<\/p>\n<p><a href=\"http:\/\/multimidia.curitiba.pr.gov.br\/2010\/00086376.pdf\" target=\"_blank\">Decreto n\u00ba 1.186<\/a>, de 22 de setembro de 2009.<br \/>\nInstitui o F\u00f3rum de Curitiba sobre Mudan\u00e7as Clim\u00e1ticas, seus membros e o Plano de A\u00e7\u00e3o para o Munic\u00edpio.<\/p>\n<p><a href=\"http:\/\/multimidia.curitiba.pr.gov.br\/2010\/00086377.pdf\" target=\"_blank\">Decreto n\u00ba 1.190<\/a>, de 14 de dezembro de 2004.<br \/>\nFicam definidos no Munic\u00edpio de Curitiba, os par\u00e2metros de refer\u00eancia para qualidade de solo e \u00e1gua subterr\u00e2nea.<\/p>\n<p><a href=\"http:\/\/multimidia.curitiba.pr.gov.br\/2015\/00171233.pdf\" target=\"_blank\">Decreto n\u00ba 1.358<\/a>, de 15 de dezembro de 2008<br \/>\nCria a Reserva Particular do Patrim\u00f4nio Natural Municipal Ecoville.<\/p>\n<p><a href=\"http:\/\/multimidia.curitiba.pr.gov.br\/2015\/00171235.pdf\" target=\"_blank\">Decreto n\u00ba 1.495<\/a>, de 25 de novembro de 2009.<br \/>\nCria a Reserva Particular do Patrim\u00f4nio Natural Municipal Barigui.<\/p>\n<p><a href=\"http:\/\/multimidia.curitiba.pr.gov.br\/2015\/00171199.pdf\" target=\"_blank\">Decreto n\u00ba 1666<\/a>, de 09 de dezembro de 2013<br \/>\nRegulamenta a Lei Municipal n.\u00ba 11.642, de 22 de dezembro de 2005 que institui o Programa de Ado\u00e7\u00e3o de Logradouros P\u00fablicos no Munic\u00edpio de Curitiba no que se refere \u00e0 ado\u00e7\u00e3o de pra\u00e7as, jardinetes, largos, jardins ambientais, eixos de anima\u00e7\u00e3o, n\u00facleos ambientais, centros esportivos, rel\u00f3gios e canteiros centrais de ruas e avenidas e altera o Decreto Municipal n.\u00ba 792, de 24 de julho de 2007.<\/p>\n<p><a href=\"http:\/\/multimidia.curitiba.pr.gov.br\/2012\/00114364.pdf\" target=\"_blank\">Decreto n\u00ba 1.819<\/a><br \/>\nRegulamenta os artigos 7\u00ba. e 9\u00ba. da Lei Municipal n\u00ba 7.833, de 19 de dezembro de 1991, trata do Sistema de Licenciamento Ambiental no Munic\u00edpio de Curitiba e d\u00e1 outras provid\u00eancias.<\/p>\n<p><a href=\"http:\/\/multimidia.curitiba.pr.gov.br\/2013\/00126285.pdf\" target=\"_blank\">Decreto n\u00b0 1.599<\/a>, de 11 de dezembro de 2012<br \/>\nDisp\u00f5e sobre a concess\u00e3o de Certificado destinado a constru\u00e7\u00f5es que utilizem potencial construtivo adicional oriundo de Reservas Particulares do Patrim\u00f4nio Natural Municipal como incentivo \u00e0 manuten\u00e7\u00e3o das \u00e1reas verdes, no Munic\u00edpio de Curitiba.<\/p>\n<p><a href=\"http:\/\/multimidia.curitiba.pr.gov.br\/2015\/00171244.pdf\" target=\"_blank\">Decreto n\u00b0 654<\/a>, de 26 de abril de 2012.<br \/>\nDelega compet\u00eancia para emitir Certificados de Potencial Adicional de Constru\u00e7\u00e3o &#8211; CEPAC referentes \u00e0 Opera\u00e7\u00e3o Urbana Consorciada &#8211; OUC Linha Verde.<\/p>\n<p><a href=\"http:\/\/multimidia.curitiba.pr.gov.br\/2015\/00171245.pdf\" target=\"_blank\">Decreto n\u00b0 729<\/a>, de 14 de maio de 2012.<br \/>\nCria a Reserva Particular do Patrim\u00f4nio Natural Municipal Bosque da Coruja.<\/p>\n<p><a href=\"http:\/\/multimidia.curitiba.pr.gov.br\/2015\/00171246.pdf\" target=\"_blank\">Decreto n\u00b0 948<\/a>, de 2 de julho de 2012.<br \/>\nCria a Reserva Particular do Patrim\u00f4nio Natural Municipal Cedro-Rosa.<\/p>\n<p><a href=\"http:\/\/multimidia.curitiba.pr.gov.br\/2015\/00171247.pdf\" target=\"_blank\">Decreto n\u00b0 950<\/a>, de 2 de julho de 2012.<br \/>\nCria a Reserva Particular do Patrim\u00f4nio Natural Municipal Erva-Mate.<\/p>\n<p><a href=\"http:\/\/multimidia.curitiba.pr.gov.br\/2015\/00171248.pdf\" target=\"_blank\">Decreto n\u00b0 951<\/a>, de 2 de julho de 2012.<br \/>\nCria a Reserva Particular do Patrim\u00f4nio Natural Municipal Canela.<\/p>\n<p><a href=\"http:\/\/multimidia.curitiba.pr.gov.br\/2015\/00171249.pdf\" target=\"_blank\">Decreto n\u00b0 952<\/a>, de 2 de julho de 2012.<br \/>\nCria a Reserva Particular do Patrim\u00f4nio Natural Municipal Guabiroba.<\/p>\n<p><a href=\"http:\/\/multimidia.curitiba.pr.gov.br\/2015\/00171250.pdf\" target=\"_blank\">Decreto n\u00b0 954<\/a>, de 2 de julho de 2012.<br \/>\nCria a Reserva Particular do Patrim\u00f4nio Natural Municipal Taboa.<\/p>\n<p><a href=\"http:\/\/multimidia.curitiba.pr.gov.br\/2015\/00171251.pdf\" target=\"_blank\">Decreto n\u00b0 956<\/a>, de 2 de julho de 2012.<br \/>\nCria a Reserva Particular do Patrim\u00f4nio Natural Municipal Jeriv\u00e1.<\/p>\n<p><a href=\"http:\/\/multimidia.curitiba.pr.gov.br\/2015\/00171254.pdf\" target=\"_blank\">Decreto n\u00b0 1830<\/a>, de 18 de dezembro de 2013.<br \/>\nCria a Reserva Particular do Patrim\u00f4nio Natural Municipal Jata\u00ed.<\/p>\n<p><a href=\"http:\/\/multimidia.curitiba.pr.gov.br\/2015\/00171255.pdf\" target=\"_blank\">Decreto n\u00b0 1832<\/a>, de 18 de dezembro de 2013.<br \/>\nCria a Reserva Particular do Patrim\u00f4nio Natural Municipal Ara\u00e7\u00e1.<\/p>\n<p><a href=\"http:\/\/multimidia.curitiba.pr.gov.br\/2015\/00171256.pdf\" target=\"_blank\">Decreto n\u00b0 228<\/a>, de 26 de mar\u00e7o de 2014.<br \/>\nCria a Reserva Particular do Patrim\u00f4nio Natural Municipal Umbar\u00e1.<\/p>\n<p><a href=\"http:\/\/multimidia.curitiba.pr.gov.br\/2015\/00171257.pdf\" target=\"_blank\">Decreto n\u00b0 327<\/a>, de 28 de mar\u00e7o de 2015.<br \/>\nCria o \u201cRefugio de Vida Silvestre do Bugio\u201d na regi\u00e3o da conflu\u00eancia do rio Barigui com o rio Igua\u00e7u e d\u00e1 outras provid\u00eancias.<\/p>\n<p><a href=\"http:\/\/multimidia.curitiba.pr.gov.br\/2015\/00171259.pdf\" target=\"_blank\">Decreto n\u00b0 897<\/a>, de 23 de maio de 2005.<br \/>\nAltera o artigo 4\u00ba do Decreto no 838\/97, que instituiu o Relat\u00f3rio Ambiental Pr\u00e9vio no Munic\u00edpio de Curitiba.<\/p>\n<p><a href=\"http:\/\/multimidia.curitiba.pr.gov.br\/2016\/00182809.pdf\" target=\"_blank\">Decreto n\u00ba 498<\/a>, de 23 de maio de 2016.<br \/>\nAtualiza a composi\u00e7\u00e3o do F\u00f3rum Curitiba sobre Mudan\u00e7as do Clima e estabelece a estrat\u00e9gia do Munic\u00edpio para as a\u00e7\u00f5es sobre a mudan\u00e7a do clima e resili\u00eancia.<\/p>\n<p><strong>Portarias<\/strong><\/p>\n<p>Instru\u00e7\u00e3o normativa a estabelecer e uniformizar os procedimentos para autoriza\u00e7\u00e3o de pesquisa cient\u00edfica e atividades docentes nas unidades de conserva\u00e7\u00e3o do munic\u00edpio de Curitiba e d\u00e1 outras provid\u00eancias<\/p>\n<p><a href=\"http:\/\/multimidia.curitiba.pr.gov.br\/2012\/00114381.pdf\" target=\"_blank\">Portaria 002\/2012 <\/a><br \/>\nInstru\u00e7\u00f5es para a solicita\u00e7\u00e3o de Licenciamento Ambiental &#8211; LP, LI e LO<\/p>\n<p><a href=\"http:\/\/multimidia.curitiba.pr.gov.br\/2012\/00114382.pdf\" target=\"_blank\">Portaria 003\/2012<\/a><br \/>\nInstru\u00e7\u00f5es para a solicita\u00e7\u00e3o de Licen\u00e7a Ambiental Pr\u00e9via &#8211; LP para loteamentos novos<\/p>\n<p><a href=\"http:\/\/multimidia.curitiba.pr.gov.br\/2012\/00114383.pdf\" target=\"_blank\">Portaria 004\/2012<\/a><br \/>\nInstru\u00e7\u00f5es para a solicita\u00e7\u00e3o de Autoriza\u00e7\u00e3o Ambiental de Funcionamento &#8211; AFU<\/p>\n<p>Instru\u00e7\u00f5es para a solicita\u00e7\u00e3o de Autoriza\u00e7\u00e3o Ambiental para Remo\u00e7\u00e3o de Vegeta\u00e7\u00e3o (ARV)<\/p>\n<p>&nbsp;<\/p>\n<p><a href=\"http:\/\/multimidia.curitiba.pr.gov.br\/2012\/00118586.pdf\" target=\"_blank\">Portaria 015\/2012<\/a><br \/>\nInstru\u00e7\u00f5es para solicita\u00e7\u00e3o de licenciamento de empreendimentos que possuem Sistemas de Armazenamento Subterr\u00e2neo de Combust\u00edveis (SASC) &#8211; Postos de Combust\u00edveis e afins.<\/p>\n<p>Para as demais leis municipais, acesse o <a href=\"http:\/\/www.curitiba.pr.gov.br\/conteudo\/legislacao-smma\/347\">site<\/a> da Secretaria Municipal do Meio Ambiente (SMMA).<\/p>\n","protected":false},"excerpt":{"rendered":"<p>&nbsp; Leis Lei n\u00ba 9800, de 03 de janeiro de 2000.:DISP\u00d5E SOBRE O ZONEAMENTO, USO E OCUPA\u00c7\u00c3O DO SOLO NO MUNIC\u00cdPIO DE CURITIBA, REVOGA AS [&hellip;]<\/p>\n","protected":false},"author":3,"featured_media":0,"parent":0,"menu_order":0,"comment_status":"closed","ping_status":"closed","template":"","meta":{"_acf_changed":false,"footnotes":""},"class_list":["post-370","page","type-page","status-publish","hentry"],"acf":[],"_links":{"self":[{"href":"https:\/\/conservation.ufpr.br\/index.php\/wp-json\/wp\/v2\/pages\/370","targetHints":{"allow":["GET"]}}],"collection":[{"href":"https:\/\/conservation.ufpr.br\/index.php\/wp-json\/wp\/v2\/pages"}],"about":[{"href":"https:\/\/conservation.ufpr.br\/index.php\/wp-json\/wp\/v2\/types\/page"}],"author":[{"embeddable":true,"href":"https:\/\/conservation.ufpr.br\/index.php\/wp-json\/wp\/v2\/users\/3"}],"replies":[{"embeddable":true,"href":"https:\/\/conservation.ufpr.br\/index.php\/wp-json\/wp\/v2\/comments?post=370"}],"version-history":[{"count":3,"href":"https:\/\/conservation.ufpr.br\/index.php\/wp-json\/wp\/v2\/pages\/370\/revisions"}],"predecessor-version":[{"id":388,"href":"https:\/\/conservation.ufpr.br\/index.php\/wp-json\/wp\/v2\/pages\/370\/revisions\/388"}],"wp:attachment":[{"href":"https:\/\/conservation.ufpr.br\/index.php\/wp-json\/wp\/v2\/media?parent=370"}],"curies":[{"name":"wp","href":"https:\/\/api.w.org\/{rel}","templated":true}]}}