{"id":41,"date":"2016-06-10T14:11:15","date_gmt":"2016-06-10T17:11:15","guid":{"rendered":"https:\/\/conservation.ufpr.br\/?page_id=41"},"modified":"2021-06-22T19:01:50","modified_gmt":"2021-06-22T22:01:50","slug":"publicacoes-cientificas","status":"publish","type":"page","link":"https:\/\/conservation.ufpr.br\/index.php\/publicacoes-cientificas\/","title":{"rendered":"Publica\u00e7\u00f5es"},"content":{"rendered":"<p><strong>DISSERTA\u00c7\u00d5ES (MESTRADO)<\/strong><\/p>\n<p>Gonzalo Javier Olivares Flores.\u00a0<a href=\"https:\/\/acervodigital.ufpr.br\/handle\/1884\/56562\" target=\"_blank\" rel=\"noopener\">Percep\u00e7\u00e3o ambiental e disposi\u00e7\u00e3o a pagamento da comunidade de entorno das Reservas Particulares do Patrim\u00f4nio Natural Municipal, Curitiba-PR<\/a>. 2018.\u00a0Disserta\u00e7\u00e3o (Mestrado em Engenharia Florestal) &#8211; Universidade Federal do Paran\u00e1, Coordena\u00e7\u00e3o de Aperfei\u00e7oamento de Pessoal de N\u00edvel Superior. Orientador:\u00a0Prof. Dr. Alexandre Fran\u00e7a Tetto; Coorientador: Prof. Dr. Wilson Loureiro; Coorientador: Prof. MSc. Benito Orlando Olivares Aguilera.<\/p>\n<p>Mariana Meira Micaloski. <a href=\"https:\/\/acervodigital.ufpr.br\/handle\/1884\/57635\" target=\"_blank\" rel=\"noopener\">Uso p\u00fablico no Parque Estadual do Monge<\/a>. 2017. Disserta\u00e7\u00e3o (Mestrado em Engenharia Florestal) &#8211; Universidade Federal do Paran\u00e1, Coordena\u00e7\u00e3o de Aperfei\u00e7oamento de Pessoal de N\u00edvel Superior. Orientador: Prof. Dr. Ronaldo Viana Soares; Coorientador: Prof. Dr. Alexandre Fran\u00e7a Tetto.<\/p>\n<p>Barbara Gabriele de Souza Nogueira.\u00a0<a href=\"https:\/\/acervodigital.ufpr.br\/handle\/1884\/51251\" target=\"_blank\" rel=\"noopener\">A gest\u00e3o da visita\u00e7\u00e3o em seis unidades de conserva\u00e7\u00e3o no Estado do Paran\u00e1<\/a>. 2017. Disserta\u00e7\u00e3o (Mestrado em Engenharia Florestal) &#8211; Universidade Federal do Paran\u00e1, Coordena\u00e7\u00e3o de Aperfei\u00e7oamento de Pessoal de N\u00edvel Superior. Orientador: Dr. Ronaldo Viana Soares; Coorientador: Prof. Dr. Alexandre Fran\u00e7a Tetto; Coorientador: M.Sc. Guadalupe Vivekananda .<\/p>\n<p>Andressa Tres.\u00a0<a href=\"https:\/\/acervodigital.ufpr.br\/handle\/1884\/46158\" target=\"_blank\" rel=\"noopener\">Classifica\u00e7\u00e3o clim\u00e1tica para o Brasil segundo as zonas de vida de Holdridge<\/a>. 2016. Disserta\u00e7\u00e3o (Mestrado em Engenharia Florestal) &#8211; Universidade Federal do Paran\u00e1, Coordena\u00e7\u00e3o de Aperfei\u00e7oamento de Pessoal de N\u00edvel Superior. Orientador: Prof. Dr. Alexandre Fran\u00e7a Tetto; Coorientador: Prof. Dr. Ronaldo Viana Soares; Coorientador:\u00a0Prof. Dr. William Thomaz Wendling.<\/p>\n<p>Mar\u00edlia Thiara Rodrigues Basniak. <a href=\"https:\/\/acervodigital.ufpr.br\/handle\/1884\/44093\" target=\"_blank\" rel=\"noopener\">Efetividade de gest\u00e3o das unidades de conserva\u00e7\u00e3o privadas de Curitiba<\/a>. 2016. Disserta\u00e7\u00e3o (Mestrado em Engenharia Florestal) &#8211; Universidade Federal do Paran\u00e1, Coordena\u00e7\u00e3o de Aperfei\u00e7oamento de Pessoal de N\u00edvel Superior. Orientador: Prof. Dr. Ronaldo Viana Soares; Coorientador: Prof. Dr. Alexandre Fran\u00e7a Tetto.<\/p>\n<p><strong>ARTIGOS COMPLETOS PUBLICADOS EM PERI\u00d3DICOS<\/strong><\/p>\n<p>MICALOSKI, M. M.; PEREIRA, C.R.; SOARES, R. V.; TETTO, A. F.\u00a0 <a href=\"http:\/\/medcraveonline.com\/FREIJ\/FREIJ-02-00034.pdf\">Reflections about public use in conservation units such as subsidy to the promotion of natures conservation<\/a>.\u00a0\u00a0Forestry Research and Engineering: International Journal, 2018;2(2):111-114.<\/p>\n<p>MICALOSKI, M. M.; TETTO, A. F. ; SOARES, R. V.;\u00a0<a href=\"http:\/\/www.uel.br\/revistas\/uel\/index.php\/geografia\/article\/view\/29621\/24050\" target=\"_blank\" rel=\"noopener\">Percep\u00e7\u00e3o ambiental da popula\u00e7\u00e3o da cidade da Lapa &#8211; PR em rela\u00e7\u00e3o ao Parque Estadual do Monge<\/a>. Geografia (Londrina) v. 27. n. 2. pp. 73 \u2013 86, agosto\/2018.<\/p>\n<p>FLORES, G. J. O.; TETTO, A.F.; AGUILERA, B.O.O.; LOUREIRO, W.; <a href=\"http:\/\/www.conhecer.org.br\/enciclop\/2017b\/agrar\/Disposicao%20a%20pagamento.pdf\" target=\"_blank\" rel=\"noopener\">Disposi\u00e7\u00e3o a pagamento em Reservas Particulares do Patrim\u00f4nio Natural Municipal de Curitiba-PR<\/a>. Enciclop\u00e9dia Biosfera, Centro Cient\u00edfico Conhecer &#8211; Goi\u00e2nia, V.14, n.26, p.282-295, 2017.<\/p>\n<p>HO, T. L.; FLORES, G. J. O.; BIONDI, D. <a href=\"https:\/\/conservation.ufpr.br\/wp-content\/uploads\/2016\/06\/CLASSIFICA\u00c7\u00c3O-DOS-COMPONENTES-DA-PAISAGEM-DE-CURITIBA-PR-COM-A-FERRAMENTA-COLLECT-EARTH.pdf\" target=\"_blank\" rel=\"noopener\">Classifica\u00e7\u00e3o dos componentes da paisagem de Curitiba-PR com a ferramenta Collect Earth<\/a>. Revista Brasileira de Arboriza\u00e7\u00e3o Urbana, Piracicaba \u2013 SP, v.12, n.2, p. 88-102, 2017.<br \/>MICALOSKI, M. M.; TETTO, A. F. <a href=\"http:\/\/revistaea.org\/artigo.php?idartigo=2692\" target=\"_blank\" rel=\"noopener\">An\u00e1lise da efic\u00e1cia de uma palestra de educa\u00e7\u00e3o ambiental voltada para o Parque Estadual do Monge, Lapa-PR<\/a>. Educa\u00e7\u00e3o Ambiental em A\u00e7\u00e3o, n.59, Ano XV, 2017.<\/p>\n<p>ZEA-CAMA\u00d1O, J. D.; MICALOSKI, M.M ; TETTO, A. F.; <a href=\"http:\/\/www.revistaespacios.com\/a17v38n17\/17381732.html\" target=\"_blank\" rel=\"noopener\">Disposi\u00e7\u00e3o a pagar por servi\u00e7os ecossist\u00eamicos urbanos: o caso da unidade de conserva\u00e7\u00e3o Parque S\u00e3o Louren\u00e7o, Curitiba &#8211; PR<\/a>, Brasil. Revista Espacios, (CARACAS), V.38, n.17, p.32, 2017.<\/p>\n<p>NOGUEIRA, B.G. de S.; SOARES, R.V. ; TETTO, A.F. ; VIVEKANANDA, G. ; TRENTO, M.; <a href=\"http:\/\/www.revistaespacios.com\/a17v38n17\/17381733.html\" target=\"_blank\" rel=\"noopener\">Perfil dos visitantes do Parque Estadual de Vila Velha, Paran\u00e1-Brasil<\/a>. Revista Espacios, V.38, n.17, p.33, 2017.<\/p>\n<p>TRES, A. ; TETTO, A.F. ; SOARES, R.V. ; WENDLING, W.T. ; MENGATTO, A.P.R. ; <a href=\"http:\/\/www.conhecer.org.br\/enciclop\/2016a\/agrarias\/classificacao%20do%20estado.pdf\" target=\"_blank\" rel=\"noopener\">Classifica\u00e7\u00e3o do Estado de Mato Grosso segundo sistema de zonas de vida de Holdridge<\/a>. Enciclop\u00e9dia Biosfera, Centro Cient\u00edfico Conhecer &#8211; Goi\u00e2nia, V.13, n.23, p.329-343, 2016.<\/p>\n<p>BASNIAK, M. T. R. ; SOARES, R. V. ; TETTO, A. F. ; MEIRA, M. . <a href=\"http:\/\/www.conhecer.org.br\/enciclop\/2015c\/agrarias\/efetividade%20de%20manejo.pdf\" target=\"_blank\" rel=\"noopener\">Efetividade de manejo de Reservas Particulares do Patrim\u00f4nio Natural Municipais: O caso da RPPNM Airum\u00e3, Curitiba\/PR<\/a>. Enciclop\u00e9dia Biosfera, Centro Cient\u00edfico Conhecer &#8211; Goi\u00e2nia, V. 12, p. 1107-1119, 2015.<\/p>\n<p><strong>TRABALHOS COMPLETOS PUBLICADOS EM ANAIS DE CONGRESSOS<\/strong><\/p>\n<p>BASNIAK, M. T. R. ; TETTO, A. F. . <a href=\"http:\/\/sapiselapis2015.paginas.ufsc.br\/files\/2015\/11\/SAPIS_ELAPIS_bq.pdf\" target=\"_blank\" rel=\"noopener\">Reserva Particular do Patrim\u00f4nio Natural Municipal Cascatinha, situa\u00e7\u00e3o atual da gest\u00e3o da primeira RPPNM de Curitiba<\/a>. In: VII Semin\u00e1rio Brasileiro sobre \u00c1reas Protegidas e Inclus\u00e3o Social SAPIS e II Encontro Latino Americano sobre \u00c1reas Protegidas e Inclus\u00e3o Social, 2015, Florian\u00f3polis.<\/p>\n<p>TETTO, A. F.; ARAUJO, J. ; DEMBISKI, A. I. ; VICTORAZZI, T. . <a href=\"http:\/\/malinovski.com.br\/CongressoFlorestal\/Trabalhos\/01-Conservacao\/CN-Artigo-09.pdf\" target=\"_blank\" rel=\"noopener\">Diagn\u00f3stico da estrutura e gest\u00e3o dos parques estaduais do Paran\u00e1<\/a>. In: 4. Congresso Florestal Paranaense, 2012, Curitiba. Anais do&#8230;, 2012. v. 1. p. 6 p.<\/p>\n<p><strong>RESUMOS PUBLICADOS EM EVENTOS DE ENSINO, PESQUISA E EXTENS\u00c3O<\/strong><\/p>\n<p><a href=\"http:\/\/media.wix.com\/ugd\/8f4c24_23a3147c7cbf46bc996080584158bb6b.pdf\" target=\"_blank\" rel=\"noopener\">An\u00e1lise da precipita\u00e7\u00e3o e temperatura em Guaraque\u00e7aba-PR como subs\u00eddio ao manejo de unidades de conserva\u00e7\u00e3o<\/a><br \/>Programa\/projeto\/atividade: Est\u00e1gio<br \/>Orienta\u00e7\u00e3o: Alexandre Fran\u00e7a Tetto.<br \/>Setor de Ci\u00eancias Agr\u00e1rias. \u00c1rea tem\u00e1tica: Meio ambiente<br \/>Bolsistas\/volunt\u00e1rios: Hevelyn Sato; Karoline Zanona; Inti de Souza; Guilherme Lemes de Souza, Andressa Tres.<\/p>\n<p><a href=\"http:\/\/media.wix.com\/ugd\/8f4c24_23a3147c7cbf46bc996080584158bb6b.pdf\" target=\"_blank\" rel=\"noopener\">Caracteriza\u00e7\u00e3o do material combust\u00edvel de uma floresta ombr\u00f3fila densa<\/a><br \/>Programa\/projeto\/atividade: Est\u00e1gio<br \/>Orienta\u00e7\u00e3o: Alexandre Fran\u00e7a Tetto.<br \/>Setor de Ci\u00eancias Agr\u00e1rias. \u00c1rea tem\u00e1tica: Meio ambiente<br \/>Bolsistas\/volunt\u00e1rios: Frederique Antonio Gon\u00e7alves; Bruno Ruvinski; Paula Lessmann, Andressa Tres.<\/p>\n<p><a href=\"http:\/\/media.wix.com\/ugd\/8f4c24_23a3147c7cbf46bc996080584158bb6b.pdf\" target=\"_blank\" rel=\"noopener\">Percep\u00e7\u00e3o e investiga\u00e7\u00e3o ambiental de professores da Escola Municipal Irati sobre uma unidade de conserva\u00e7\u00e3o municipal, Curitiba-PR<\/a><br \/>Programa\/projeto\/atividade: PID (monitoria)<br \/>Orienta\u00e7\u00e3o: Alexandre Fran\u00e7a Tetto.<br \/>Setor de ci\u00eancias agr\u00e1rias. \u00c1rea tem\u00e1tica: meio ambiente<br \/>Bolsistas\/volunt\u00e1rios: Gabriela Nicolau Maia, Gonzalo Javier Olivares Flores.<\/p>\n\n\n<p><\/p>\n","protected":false},"excerpt":{"rendered":"<p>DISSERTA\u00c7\u00d5ES (MESTRADO) Gonzalo Javier Olivares Flores.\u00a0Percep\u00e7\u00e3o ambiental e disposi\u00e7\u00e3o a pagamento da comunidade de entorno das Reservas Particulares do Patrim\u00f4nio Natural Municipal, Curitiba-PR. 2018.\u00a0Disserta\u00e7\u00e3o (Mestrado [&hellip;]<\/p>\n","protected":false},"author":3,"featured_media":0,"parent":0,"menu_order":0,"comment_status":"closed","ping_status":"closed","template":"","meta":{"_acf_changed":false,"footnotes":""},"class_list":["post-41","page","type-page","status-publish","hentry"],"acf":[],"_links":{"self":[{"href":"https:\/\/conservation.ufpr.br\/index.php\/wp-json\/wp\/v2\/pages\/41","targetHints":{"allow":["GET"]}}],"collection":[{"href":"https:\/\/conservation.ufpr.br\/index.php\/wp-json\/wp\/v2\/pages"}],"about":[{"href":"https:\/\/conservation.ufpr.br\/index.php\/wp-json\/wp\/v2\/types\/page"}],"author":[{"embeddable":true,"href":"https:\/\/conservation.ufpr.br\/index.php\/wp-json\/wp\/v2\/users\/3"}],"replies":[{"embeddable":true,"href":"https:\/\/conservation.ufpr.br\/index.php\/wp-json\/wp\/v2\/comments?post=41"}],"version-history":[{"count":23,"href":"https:\/\/conservation.ufpr.br\/index.php\/wp-json\/wp\/v2\/pages\/41\/revisions"}],"predecessor-version":[{"id":772,"href":"https:\/\/conservation.ufpr.br\/index.php\/wp-json\/wp\/v2\/pages\/41\/revisions\/772"}],"wp:attachment":[{"href":"https:\/\/conservation.ufpr.br\/index.php\/wp-json\/wp\/v2\/media?parent=41"}],"curies":[{"name":"wp","href":"https:\/\/api.w.org\/{rel}","templated":true}]}}