{"id":9,"date":"2016-05-11T09:06:27","date_gmt":"2016-05-11T12:06:27","guid":{"rendered":"https:\/\/conservation.ufpr.br\/?page_id=9"},"modified":"2021-06-25T11:25:16","modified_gmt":"2021-06-25T14:25:16","slug":"quem-somos","status":"publish","type":"page","link":"https:\/\/conservation.ufpr.br\/","title":{"rendered":"Quem Somos"},"content":{"rendered":"<p style=\"text-align: justify;\">Tendo em vista a import\u00e2ncia das \u00e1reas naturais protegidas \u2013 entre elas as Unidades de Conserva\u00e7\u00e3o (UCs) federais, estaduais e municipais \u2013 para a conserva\u00e7\u00e3o da biodiversidade, al\u00e9m da necessidade de pesquisas que garantam a efetividade destes locais e o aprimoramento de profissionais envolvidos com o tema, foi criado em 13 de abril de 2012 o Laborat\u00f3rio de Unidades de Conserva\u00e7\u00e3o.<\/p>\n<p><strong>OBJETIVO<\/strong><\/p>\n<p style=\"text-align: justify;\">Realizar pesquisas e trabalhos que possibilitem um avan\u00e7o no manejo das UCs, com \u00eanfase em assuntos como efetividade da gest\u00e3o, uso p\u00fablico: caracteriza\u00e7\u00e3o e planejamento das UCs e esp\u00e9cies-bandeira (fenologia e dispers\u00e3o de frutos e sementes).<\/p>\n<p><strong>PRINCIPAIS EQUIPAMENTOS<\/strong><\/p>\n<p style=\"text-align: justify;\">Os principais equipamentos utilizados nos estudos do laborat\u00f3rio s\u00e3o para caracteriza\u00e7\u00e3o da \u00e1rea de estudo, levantamentos flor\u00edsticos e caracteriza\u00e7\u00e3o do solo. No LUC contamos com esta\u00e7\u00e3o meteorol\u00f3gica autom\u00e1tica e mini-esta\u00e7\u00e3o meteorol\u00f3gica, armadilhas fotogr\u00e1ficas e ainda <em>softwares<\/em> para espacializa\u00e7\u00e3o e an\u00e1lise das informa\u00e7\u00f5es.<\/p>\n<p><strong>PESQUISAS<br \/>\n<\/strong><\/p>\n<p style=\"text-align: justify;\">Atualmente s\u00e3o desenvolvidos quatro projetos de pesquisa nas seguintes categorias de UCs: Parque Estadual e Reserva Particular do Patrim\u00f4nio Natural, al\u00e9m dos Bosques de Conserva\u00e7\u00e3o da Biodiversidade Urbana (unidade de conserva\u00e7\u00e3o do munic\u00edpio de Curitiba).<\/p>\n<p style=\"text-align: justify;\">Est\u00e3o diretamente envolvidos nestas pesquisas, quatro acad\u00eamicos de p\u00f3s-gradua\u00e7\u00e3o, tr\u00eas estagi\u00e1rios da Funda\u00e7\u00e3o de Pesquisas Florestais do Paran\u00e1 (FUPEF), um bolsista de inicia\u00e7\u00e3o cient\u00edfica e cinco acad\u00eamicos volunt\u00e1rios.<\/p>\n<p style=\"text-align: justify;\"><strong>DISCIPLINAS OFERTADAS<\/strong><\/p>\n<p style=\"text-align: justify;\">Existem duas disciplinas ofertadas regularmente, relacionadas ao Laborat\u00f3rio: Manejo de \u00c1reas Silvestres, para gradua\u00e7\u00e3o em Engenharia Florestal; e Manejo de \u00c1reas Naturais Protegidas, para o Programa de P\u00f3s-Gradua\u00e7\u00e3o em Engenharia Florestal. De forma geral, em fun\u00e7\u00e3o das pr\u00e1ticas, o limite \u00e9 de 15 vagas\/ disciplina.<\/p>\n<p style=\"text-align: justify;\">O Laborat\u00f3rio tem realizado cursos e eventos para promover o debate com diversos atores envolvidos com a conserva\u00e7\u00e3o da natureza sobre aspectos legais, implanta\u00e7\u00e3o, manejo e os desafios das unidades de conserva\u00e7\u00e3o.<\/p>\n","protected":false},"excerpt":{"rendered":"<p>Tendo em vista a import\u00e2ncia das \u00e1reas naturais protegidas \u2013 entre elas as Unidades de Conserva\u00e7\u00e3o (UCs) federais, estaduais e municipais \u2013 para a conserva\u00e7\u00e3o [&hellip;]<\/p>\n","protected":false},"author":3,"featured_media":0,"parent":0,"menu_order":0,"comment_status":"closed","ping_status":"closed","template":"","meta":{"_acf_changed":false,"footnotes":""},"class_list":["post-9","page","type-page","status-publish","hentry"],"acf":[],"_links":{"self":[{"href":"https:\/\/conservation.ufpr.br\/index.php\/wp-json\/wp\/v2\/pages\/9","targetHints":{"allow":["GET"]}}],"collection":[{"href":"https:\/\/conservation.ufpr.br\/index.php\/wp-json\/wp\/v2\/pages"}],"about":[{"href":"https:\/\/conservation.ufpr.br\/index.php\/wp-json\/wp\/v2\/types\/page"}],"author":[{"embeddable":true,"href":"https:\/\/conservation.ufpr.br\/index.php\/wp-json\/wp\/v2\/users\/3"}],"replies":[{"embeddable":true,"href":"https:\/\/conservation.ufpr.br\/index.php\/wp-json\/wp\/v2\/comments?post=9"}],"version-history":[{"count":11,"href":"https:\/\/conservation.ufpr.br\/index.php\/wp-json\/wp\/v2\/pages\/9\/revisions"}],"predecessor-version":[{"id":784,"href":"https:\/\/conservation.ufpr.br\/index.php\/wp-json\/wp\/v2\/pages\/9\/revisions\/784"}],"wp:attachment":[{"href":"https:\/\/conservation.ufpr.br\/index.php\/wp-json\/wp\/v2\/media?parent=9"}],"curies":[{"name":"wp","href":"https:\/\/api.w.org\/{rel}","templated":true}]}}